{"id":1423,"date":"2024-08-30T12:50:21","date_gmt":"2024-08-30T17:50:21","guid":{"rendered":"https:\/\/correvalle.com\/portal\/?page_id=1423"},"modified":"2025-02-10T08:00:48","modified_gmt":"2025-02-10T13:00:48","slug":"popup-seguros","status":"publish","type":"page","link":"https:\/\/correvalle.com\/portal\/popup-seguros\/","title":{"rendered":"popup_seguros"},"content":{"rendered":"<style>\/*! elementor - v3.23.0 - 05-08-2024 *\/\n.elementor-column .elementor-spacer-inner{height:var(--spacer-size)}.e-con{--container-widget-width:100%}.e-con-inner>.elementor-widget-spacer,.e-con>.elementor-widget-spacer{width:var(--container-widget-width,var(--spacer-size));--align-self:var(--container-widget-align-self,initial);--flex-shrink:0}.e-con-inner>.elementor-widget-spacer>.elementor-widget-container,.e-con>.elementor-widget-spacer>.elementor-widget-container{height:100%;width:100%}.e-con-inner>.elementor-widget-spacer>.elementor-widget-container>.elementor-spacer,.e-con>.elementor-widget-spacer>.elementor-widget-container>.elementor-spacer{height:100%}.e-con-inner>.elementor-widget-spacer>.elementor-widget-container>.elementor-spacer>.elementor-spacer-inner,.e-con>.elementor-widget-spacer>.elementor-widget-container>.elementor-spacer>.elementor-spacer-inner{height:var(--container-widget-height,var(--spacer-size))}.e-con-inner>.elementor-widget-spacer.elementor-widget-empty,.e-con>.elementor-widget-spacer.elementor-widget-empty{position:relative;min-height:22px;min-width:22px}.e-con-inner>.elementor-widget-spacer.elementor-widget-empty .elementor-widget-empty-icon,.e-con>.elementor-widget-spacer.elementor-widget-empty .elementor-widget-empty-icon{position:absolute;top:0;bottom:0;left:0;right:0;margin:auto;padding:0;width:22px;height:22px}<\/style>\n<style>\/*! elementor - v3.23.0 - 05-08-2024 *\/\n.elementor-heading-title{padding:0;margin:0;line-height:1}.elementor-widget-heading .elementor-heading-title[class*=elementor-size-]>a{color:inherit;font-size:inherit;line-height:inherit}.elementor-widget-heading .elementor-heading-title.elementor-size-small{font-size:15px}.elementor-widget-heading .elementor-heading-title.elementor-size-medium{font-size:19px}.elementor-widget-heading .elementor-heading-title.elementor-size-large{font-size:29px}.elementor-widget-heading .elementor-heading-title.elementor-size-xl{font-size:39px}.elementor-widget-heading .elementor-heading-title.elementor-size-xxl{font-size:59px}<\/style>\n<h1>Informaci\u00f3n Importante?<\/h1>\n<h5><strong>\u00bfConfirma que es usted el propietario del veh\u00edculo y \u00fanica persona con derecho a solicitar la cancelaci\u00f3n de la p\u00f3liza de motocicleta, que ampara, la motocicleta en Da\u00f1os, Hurto y Responsabilidad civil extracontractual?<\/strong><\/h5>\n<p style=\"margin: 0px; padding: 0px 0px 28px; color: #7b7b86; font-family: 'Maven Pro', sans-serif; font-size: 20px;\"><strong style=\"font-style: var( --e-global-typography-text-font-style ); letter-spacing: var( --e-global-typography-text-letter-spacing ); text-transform: var( --e-global-typography-text-text-transform ); font-weight: bold;\">ARTICULO 296. FALSEDAD PERSONAL<\/strong>. El que con el fin de obtener un provecho para s\u00ed o para otro, o causar da\u00f1o, sustituya o suplante a una persona o se atribuya nombre, edad, estado civil, o calidad que pueda tener efectos jur\u00eddicos, incurrir\u00e1 en multa, siempre que la conducta no constituya otro delito.<br \/>Recuerde que al enviar la solicitud de cancelaci\u00f3n no se podr\u00e1 reversar en el sistema la cancelaci\u00f3n y perder\u00e1 los beneficios y la tasa de la renovaci\u00f3n autom\u00e1tica de su seguro, si tiene una inquietud antes de darle enviar por favor contactarnos la numero en Cali 602- 6606446.<\/p>\n<p style=\"margin: 0px; padding: 0px 0px 28px; color: #7b7b86; font-family: 'Maven Pro', sans-serif; font-size: 20px;\"><\/p>\n","protected":false},"excerpt":{"rendered":"<p>Informaci\u00f3n Importante? \u00bfConfirma que es usted el propietario del veh\u00edculo y \u00fanica persona con derecho a solicitar la cancelaci\u00f3n de la p\u00f3liza de motocicleta, que ampara, la motocicleta en Da\u00f1os, Hurto y Responsabilidad civil extracontractual? ARTICULO 296. FALSEDAD PERSONAL. El que con el fin de obtener un provecho para s\u00ed o para otro, o causar [&hellip;]<\/p>\n","protected":false},"author":1,"featured_media":0,"parent":0,"menu_order":0,"comment_status":"closed","ping_status":"closed","template":"","meta":{"footnotes":"","_links_to":"","_links_to_target":""},"class_list":["post-1423","page","type-page","status-publish","hentry"],"yoast_head":"<!-- This site is optimized with the Yoast SEO plugin v27.5 - https:\/\/yoast.com\/product\/yoast-seo-wordpress\/ -->\n<title>popup_seguros - Correvalle<\/title>\n<meta name=\"robots\" content=\"index, follow, max-snippet:-1, max-image-preview:large, max-video-preview:-1\" \/>\n<link rel=\"canonical\" href=\"https:\/\/correvalle.com\/portal\/popup-seguros\/\" \/>\n<meta property=\"og:locale\" content=\"es_ES\" \/>\n<meta property=\"og:type\" content=\"article\" \/>\n<meta property=\"og:title\" content=\"popup_seguros - Correvalle\" \/>\n<meta property=\"og:description\" content=\"Informaci\u00f3n Importante? \u00bfConfirma que es usted el propietario del veh\u00edculo y \u00fanica persona con derecho a solicitar la cancelaci\u00f3n de la p\u00f3liza de motocicleta, que ampara, la motocicleta en Da\u00f1os, Hurto y Responsabilidad civil extracontractual? ARTICULO 296. FALSEDAD PERSONAL. El que con el fin de obtener un provecho para s\u00ed o para otro, o causar [&hellip;]\" \/>\n<meta property=\"og:url\" content=\"https:\/\/correvalle.com\/portal\/popup-seguros\/\" \/>\n<meta property=\"og:site_name\" content=\"Correvalle\" \/>\n<meta property=\"article:publisher\" content=\"https:\/\/www.facebook.com\/correvalle\/\" \/>\n<meta property=\"article:modified_time\" content=\"2025-02-10T13:00:48+00:00\" \/>\n<meta name=\"twitter:card\" content=\"summary_large_image\" \/>\n<meta name=\"twitter:label1\" content=\"Tiempo de lectura\" \/>\n\t<meta name=\"twitter:data1\" content=\"1 minuto\" \/>\n<script type=\"application\/ld+json\" class=\"yoast-schema-graph\">{\"@context\":\"https:\\\/\\\/schema.org\",\"@graph\":[{\"@type\":\"WebPage\",\"@id\":\"https:\\\/\\\/correvalle.com\\\/portal\\\/popup-seguros\\\/\",\"url\":\"https:\\\/\\\/correvalle.com\\\/portal\\\/popup-seguros\\\/\",\"name\":\"popup_seguros - Correvalle\",\"isPartOf\":{\"@id\":\"https:\\\/\\\/correvalle.com\\\/portal\\\/#website\"},\"datePublished\":\"2024-08-30T17:50:21+00:00\",\"dateModified\":\"2025-02-10T13:00:48+00:00\",\"breadcrumb\":{\"@id\":\"https:\\\/\\\/correvalle.com\\\/portal\\\/popup-seguros\\\/#breadcrumb\"},\"inLanguage\":\"es\",\"potentialAction\":[{\"@type\":\"ReadAction\",\"target\":[\"https:\\\/\\\/correvalle.com\\\/portal\\\/popup-seguros\\\/\"]}]},{\"@type\":\"BreadcrumbList\",\"@id\":\"https:\\\/\\\/correvalle.com\\\/portal\\\/popup-seguros\\\/#breadcrumb\",\"itemListElement\":[{\"@type\":\"ListItem\",\"position\":1,\"name\":\"Portada\",\"item\":\"https:\\\/\\\/correvalle.com\\\/portal\\\/\"},{\"@type\":\"ListItem\",\"position\":2,\"name\":\"popup_seguros\"}]},{\"@type\":\"WebSite\",\"@id\":\"https:\\\/\\\/correvalle.com\\\/portal\\\/#website\",\"url\":\"https:\\\/\\\/correvalle.com\\\/portal\\\/\",\"name\":\"webcorrevalle.com\",\"description\":\"Corredores de seguros del Valle, Seguros, Corredores, Empresa Fundad desde el a&ntilde;o 1952 como una Agencia colocadora de seguros.\",\"publisher\":{\"@id\":\"https:\\\/\\\/correvalle.com\\\/portal\\\/#organization\"},\"potentialAction\":[{\"@type\":\"SearchAction\",\"target\":{\"@type\":\"EntryPoint\",\"urlTemplate\":\"https:\\\/\\\/correvalle.com\\\/portal\\\/?s={search_term_string}\"},\"query-input\":{\"@type\":\"PropertyValueSpecification\",\"valueRequired\":true,\"valueName\":\"search_term_string\"}}],\"inLanguage\":\"es\"},{\"@type\":\"Organization\",\"@id\":\"https:\\\/\\\/correvalle.com\\\/portal\\\/#organization\",\"name\":\"Corredores de Seguros del Valle S.A\",\"url\":\"https:\\\/\\\/correvalle.com\\\/portal\\\/\",\"logo\":{\"@type\":\"ImageObject\",\"inLanguage\":\"es\",\"@id\":\"https:\\\/\\\/correvalle.com\\\/portal\\\/#\\\/schema\\\/logo\\\/image\\\/\",\"url\":\"https:\\\/\\\/correvalle.com\\\/portal\\\/wp-content\\\/uploads\\\/2025\\\/01\\\/login_logo_glpi.png\",\"contentUrl\":\"https:\\\/\\\/correvalle.com\\\/portal\\\/wp-content\\\/uploads\\\/2025\\\/01\\\/login_logo_glpi.png\",\"width\":145,\"height\":80,\"caption\":\"Corredores de Seguros del Valle S.A\"},\"image\":{\"@id\":\"https:\\\/\\\/correvalle.com\\\/portal\\\/#\\\/schema\\\/logo\\\/image\\\/\"},\"sameAs\":[\"https:\\\/\\\/www.facebook.com\\\/correvalle\\\/\",\"https:\\\/\\\/www.instagram.com\\\/correvalle\\\/\"]}]}<\/script>\n<!-- \/ Yoast SEO plugin. -->","yoast_head_json":{"title":"popup_seguros - Correvalle","robots":{"index":"index","follow":"follow","max-snippet":"max-snippet:-1","max-image-preview":"max-image-preview:large","max-video-preview":"max-video-preview:-1"},"canonical":"https:\/\/correvalle.com\/portal\/popup-seguros\/","og_locale":"es_ES","og_type":"article","og_title":"popup_seguros - Correvalle","og_description":"Informaci\u00f3n Importante? \u00bfConfirma que es usted el propietario del veh\u00edculo y \u00fanica persona con derecho a solicitar la cancelaci\u00f3n de la p\u00f3liza de motocicleta, que ampara, la motocicleta en Da\u00f1os, Hurto y Responsabilidad civil extracontractual? ARTICULO 296. FALSEDAD PERSONAL. El que con el fin de obtener un provecho para s\u00ed o para otro, o causar [&hellip;]","og_url":"https:\/\/correvalle.com\/portal\/popup-seguros\/","og_site_name":"Correvalle","article_publisher":"https:\/\/www.facebook.com\/correvalle\/","article_modified_time":"2025-02-10T13:00:48+00:00","twitter_card":"summary_large_image","twitter_misc":{"Tiempo de lectura":"1 minuto"},"schema":{"@context":"https:\/\/schema.org","@graph":[{"@type":"WebPage","@id":"https:\/\/correvalle.com\/portal\/popup-seguros\/","url":"https:\/\/correvalle.com\/portal\/popup-seguros\/","name":"popup_seguros - Correvalle","isPartOf":{"@id":"https:\/\/correvalle.com\/portal\/#website"},"datePublished":"2024-08-30T17:50:21+00:00","dateModified":"2025-02-10T13:00:48+00:00","breadcrumb":{"@id":"https:\/\/correvalle.com\/portal\/popup-seguros\/#breadcrumb"},"inLanguage":"es","potentialAction":[{"@type":"ReadAction","target":["https:\/\/correvalle.com\/portal\/popup-seguros\/"]}]},{"@type":"BreadcrumbList","@id":"https:\/\/correvalle.com\/portal\/popup-seguros\/#breadcrumb","itemListElement":[{"@type":"ListItem","position":1,"name":"Portada","item":"https:\/\/correvalle.com\/portal\/"},{"@type":"ListItem","position":2,"name":"popup_seguros"}]},{"@type":"WebSite","@id":"https:\/\/correvalle.com\/portal\/#website","url":"https:\/\/correvalle.com\/portal\/","name":"webcorrevalle.com","description":"Corredores de seguros del Valle, Seguros, Corredores, Empresa Fundad desde el a&ntilde;o 1952 como una Agencia colocadora de seguros.","publisher":{"@id":"https:\/\/correvalle.com\/portal\/#organization"},"potentialAction":[{"@type":"SearchAction","target":{"@type":"EntryPoint","urlTemplate":"https:\/\/correvalle.com\/portal\/?s={search_term_string}"},"query-input":{"@type":"PropertyValueSpecification","valueRequired":true,"valueName":"search_term_string"}}],"inLanguage":"es"},{"@type":"Organization","@id":"https:\/\/correvalle.com\/portal\/#organization","name":"Corredores de Seguros del Valle S.A","url":"https:\/\/correvalle.com\/portal\/","logo":{"@type":"ImageObject","inLanguage":"es","@id":"https:\/\/correvalle.com\/portal\/#\/schema\/logo\/image\/","url":"https:\/\/correvalle.com\/portal\/wp-content\/uploads\/2025\/01\/login_logo_glpi.png","contentUrl":"https:\/\/correvalle.com\/portal\/wp-content\/uploads\/2025\/01\/login_logo_glpi.png","width":145,"height":80,"caption":"Corredores de Seguros del Valle S.A"},"image":{"@id":"https:\/\/correvalle.com\/portal\/#\/schema\/logo\/image\/"},"sameAs":["https:\/\/www.facebook.com\/correvalle\/","https:\/\/www.instagram.com\/correvalle\/"]}]}},"_links":{"self":[{"href":"https:\/\/correvalle.com\/portal\/wp-json\/wp\/v2\/pages\/1423","targetHints":{"allow":["GET"]}}],"collection":[{"href":"https:\/\/correvalle.com\/portal\/wp-json\/wp\/v2\/pages"}],"about":[{"href":"https:\/\/correvalle.com\/portal\/wp-json\/wp\/v2\/types\/page"}],"author":[{"embeddable":true,"href":"https:\/\/correvalle.com\/portal\/wp-json\/wp\/v2\/users\/1"}],"replies":[{"embeddable":true,"href":"https:\/\/correvalle.com\/portal\/wp-json\/wp\/v2\/comments?post=1423"}],"version-history":[{"count":43,"href":"https:\/\/correvalle.com\/portal\/wp-json\/wp\/v2\/pages\/1423\/revisions"}],"predecessor-version":[{"id":1514,"href":"https:\/\/correvalle.com\/portal\/wp-json\/wp\/v2\/pages\/1423\/revisions\/1514"}],"wp:attachment":[{"href":"https:\/\/correvalle.com\/portal\/wp-json\/wp\/v2\/media?parent=1423"}],"curies":[{"name":"wp","href":"https:\/\/api.w.org\/{rel}","templated":true}]}}