{"id":1517,"date":"2024-09-02T12:18:44","date_gmt":"2024-09-02T17:18:44","guid":{"rendered":"https:\/\/correvalle.com\/portal\/?page_id=1517"},"modified":"2024-09-02T12:20:58","modified_gmt":"2024-09-02T17:20:58","slug":"popup_seguros2","status":"publish","type":"page","link":"https:\/\/correvalle.com\/portal\/popup_seguros2\/","title":{"rendered":"popup_seguros2"},"content":{"rendered":"\t\t<div data-elementor-type=\"wp-page\" data-elementor-id=\"1517\" class=\"elementor elementor-1517\" data-elementor-settings=\"{&quot;scroll_snap&quot;:&quot;yes&quot;}\" data-elementor-post-type=\"page\">\n\t\t\t\t\t\t<section class=\"elementor-section elementor-inner-section elementor-element elementor-element-a39fdcc elementor-section-full_width elementor-section-height-default elementor-section-height-default\" data-id=\"a39fdcc\" data-element_type=\"section\" data-e-type=\"section\">\n\t\t\t\t\t\t<div class=\"elementor-container elementor-column-gap-default\">\n\t\t\t\t\t<div class=\"elementor-column elementor-col-50 elementor-inner-column elementor-element elementor-element-e628136\" data-id=\"e628136\" data-element_type=\"column\" data-e-type=\"column\" data-settings=\"{&quot;background_background&quot;:&quot;classic&quot;}\">\n\t\t\t<div class=\"elementor-widget-wrap elementor-element-populated\">\n\t\t\t\t\t<div class=\"elementor-background-overlay\"><\/div>\n\t\t\t\t\t\t<div class=\"elementor-element elementor-element-27c0034d elementor-widget elementor-widget-spacer\" data-id=\"27c0034d\" data-element_type=\"widget\" data-e-type=\"widget\" data-widget_type=\"spacer.default\">\n\t\t\t\t<div class=\"elementor-widget-container\">\n\t\t\t\t\t\t\t<div class=\"elementor-spacer\">\n\t\t\t<div class=\"elementor-spacer-inner\"><\/div>\n\t\t<\/div>\n\t\t\t\t\t\t<\/div>\n\t\t\t\t<\/div>\n\t\t\t\t\t<\/div>\n\t\t<\/div>\n\t\t\t\t<div class=\"elementor-column elementor-col-50 elementor-inner-column elementor-element elementor-element-15cbff48\" data-id=\"15cbff48\" data-element_type=\"column\" data-e-type=\"column\" data-settings=\"{&quot;background_background&quot;:&quot;classic&quot;}\">\n\t\t\t<div class=\"elementor-widget-wrap elementor-element-populated\">\n\t\t\t\t\t<div class=\"elementor-background-overlay\"><\/div>\n\t\t\t\t\t\t<div class=\"elementor-element elementor-element-4d9404a7 animated-slow elementor-invisible elementor-widget elementor-widget-heading\" data-id=\"4d9404a7\" data-element_type=\"widget\" data-e-type=\"widget\" data-settings=\"{&quot;_animation&quot;:&quot;fadeIn&quot;}\" data-widget_type=\"heading.default\">\n\t\t\t\t<div class=\"elementor-widget-container\">\n\t\t\t\t\t<h1 class=\"elementor-heading-title elementor-size-default\">Informaci\u00f3n Importante?<\/h1>\t\t\t\t<\/div>\n\t\t\t\t<\/div>\n\t\t\t\t<div class=\"elementor-element elementor-element-70d8b4d1 animated-slow elementor-invisible elementor-widget elementor-widget-text-editor\" data-id=\"70d8b4d1\" data-element_type=\"widget\" data-e-type=\"widget\" data-settings=\"{&quot;_animation&quot;:&quot;fadeIn&quot;}\" data-widget_type=\"text-editor.default\">\n\t\t\t\t<div class=\"elementor-widget-container\">\n\t\t\t\t\t\t\t\t\t<h5><strong>\u00bfConfirma que es usted el propietario del veh\u00edculo y \u00fanica persona con derecho a solicitar la cancelaci\u00f3n de la p\u00f3liza de motocicleta, que ampara, la motocicleta en Da\u00f1os, Hurto y Responsabilidad civil extracontractual?<\/strong><\/h5>\t\t\t\t\t\t\t\t<\/div>\n\t\t\t\t<\/div>\n\t\t\t\t<div class=\"elementor-element elementor-element-65c70490 elementor-invisible elementor-widget elementor-widget-text-editor\" data-id=\"65c70490\" data-element_type=\"widget\" data-e-type=\"widget\" data-settings=\"{&quot;_animation&quot;:&quot;fadeIn&quot;}\" data-widget_type=\"text-editor.default\">\n\t\t\t\t<div class=\"elementor-widget-container\">\n\t\t\t\t\t\t\t\t\t<p style=\"margin: 0px; padding: 0px 0px 28px; color: #7b7b86; font-family: 'Maven Pro', sans-serif; font-size: 20px;\"><strong style=\"font-style: var( --e-global-typography-text-font-style ); letter-spacing: var( --e-global-typography-text-letter-spacing ); text-transform: var( --e-global-typography-text-text-transform ); font-weight: bold;\">ARTICULO 296. FALSEDAD PERSONAL<\/strong><span style=\"font-style: var( --e-global-typography-text-font-style ); font-weight: var( --e-global-typography-text-font-weight ); letter-spacing: var( --e-global-typography-text-letter-spacing ); text-transform: var( --e-global-typography-text-text-transform );\">. El que con el fin de obtener un provecho para s\u00ed o para otro, o causar da\u00f1o, sustituya o suplante a una persona o se atribuya nombre, edad, estado civil, o calidad que pueda tener efectos jur\u00eddicos, incurrir\u00e1 en multa, siempre que la conducta no constituya otro delito.<br><\/span><span style=\"font-style: var( --e-global-typography-text-font-style ); font-weight: var( --e-global-typography-text-font-weight ); letter-spacing: var( --e-global-typography-text-letter-spacing ); text-transform: var( --e-global-typography-text-text-transform );\">Recuerde que al enviar la solicitud de cancelaci\u00f3n no se podr\u00e1 reversar en el sistema la cancelaci\u00f3n y perder\u00e1 los beneficios y la tasa de la renovaci\u00f3n autom\u00e1tica de su seguro, si tiene una inquietud antes de darle enviar por favor contactarnos la numero en Cali 602- 6606446.<\/span><\/p><p style=\"margin: 0px; padding: 0px 0px 28px; color: #7b7b86; font-family: 'Maven Pro', sans-serif; font-size: 20px;\"><span style=\"font-style: var( --e-global-typography-text-font-style ); font-weight: var( --e-global-typography-text-font-weight ); letter-spacing: var( --e-global-typography-text-letter-spacing ); text-transform: var( --e-global-typography-text-text-transform );\"><br><\/span><\/p>\t\t\t\t\t\t\t\t<\/div>\n\t\t\t\t<\/div>\n\t\t\t\t\t<\/div>\n\t\t<\/div>\n\t\t\t\t\t<\/div>\n\t\t<\/section>\n\t\t\t\t<\/div>\n\t\t","protected":false},"excerpt":{"rendered":"<p>Informaci\u00f3n Importante? \u00bfConfirma que es usted el propietario del veh\u00edculo y \u00fanica persona con derecho a solicitar la cancelaci\u00f3n de la p\u00f3liza de motocicleta, que ampara, la motocicleta en Da\u00f1os, Hurto y Responsabilidad civil extracontractual? ARTICULO 296. FALSEDAD PERSONAL. El que con el fin de obtener un provecho para s\u00ed o para otro, o causar [&hellip;]<\/p>\n","protected":false},"author":1,"featured_media":0,"parent":0,"menu_order":0,"comment_status":"closed","ping_status":"closed","template":"","meta":{"footnotes":"","_links_to":"","_links_to_target":""},"class_list":["post-1517","page","type-page","status-publish","hentry"],"yoast_head":"<!-- This site is optimized with the Yoast SEO plugin v27.5 - https:\/\/yoast.com\/product\/yoast-seo-wordpress\/ -->\n<title>popup_seguros2 - Correvalle<\/title>\n<meta name=\"robots\" content=\"index, follow, max-snippet:-1, max-image-preview:large, max-video-preview:-1\" \/>\n<link rel=\"canonical\" href=\"https:\/\/correvalle.com\/portal\/popup_seguros2\/\" \/>\n<meta property=\"og:locale\" content=\"es_ES\" \/>\n<meta property=\"og:type\" content=\"article\" \/>\n<meta property=\"og:title\" content=\"popup_seguros2 - Correvalle\" \/>\n<meta property=\"og:description\" content=\"Informaci\u00f3n Importante? \u00bfConfirma que es usted el propietario del veh\u00edculo y \u00fanica persona con derecho a solicitar la cancelaci\u00f3n de la p\u00f3liza de motocicleta, que ampara, la motocicleta en Da\u00f1os, Hurto y Responsabilidad civil extracontractual? ARTICULO 296. FALSEDAD PERSONAL. El que con el fin de obtener un provecho para s\u00ed o para otro, o causar [&hellip;]\" \/>\n<meta property=\"og:url\" content=\"https:\/\/correvalle.com\/portal\/popup_seguros2\/\" \/>\n<meta property=\"og:site_name\" content=\"Correvalle\" \/>\n<meta property=\"article:publisher\" content=\"https:\/\/www.facebook.com\/correvalle\/\" \/>\n<meta property=\"article:modified_time\" content=\"2024-09-02T17:20:58+00:00\" \/>\n<meta name=\"twitter:card\" content=\"summary_large_image\" \/>\n<meta name=\"twitter:label1\" content=\"Tiempo de lectura\" \/>\n\t<meta name=\"twitter:data1\" content=\"1 minuto\" \/>\n<script type=\"application\/ld+json\" class=\"yoast-schema-graph\">{\"@context\":\"https:\\\/\\\/schema.org\",\"@graph\":[{\"@type\":\"WebPage\",\"@id\":\"https:\\\/\\\/correvalle.com\\\/portal\\\/popup_seguros2\\\/\",\"url\":\"https:\\\/\\\/correvalle.com\\\/portal\\\/popup_seguros2\\\/\",\"name\":\"popup_seguros2 - Correvalle\",\"isPartOf\":{\"@id\":\"https:\\\/\\\/correvalle.com\\\/portal\\\/#website\"},\"datePublished\":\"2024-09-02T17:18:44+00:00\",\"dateModified\":\"2024-09-02T17:20:58+00:00\",\"breadcrumb\":{\"@id\":\"https:\\\/\\\/correvalle.com\\\/portal\\\/popup_seguros2\\\/#breadcrumb\"},\"inLanguage\":\"es\",\"potentialAction\":[{\"@type\":\"ReadAction\",\"target\":[\"https:\\\/\\\/correvalle.com\\\/portal\\\/popup_seguros2\\\/\"]}]},{\"@type\":\"BreadcrumbList\",\"@id\":\"https:\\\/\\\/correvalle.com\\\/portal\\\/popup_seguros2\\\/#breadcrumb\",\"itemListElement\":[{\"@type\":\"ListItem\",\"position\":1,\"name\":\"Portada\",\"item\":\"https:\\\/\\\/correvalle.com\\\/portal\\\/\"},{\"@type\":\"ListItem\",\"position\":2,\"name\":\"popup_seguros2\"}]},{\"@type\":\"WebSite\",\"@id\":\"https:\\\/\\\/correvalle.com\\\/portal\\\/#website\",\"url\":\"https:\\\/\\\/correvalle.com\\\/portal\\\/\",\"name\":\"webcorrevalle.com\",\"description\":\"Corredores de seguros del Valle, Seguros, Corredores, Empresa Fundad desde el a&ntilde;o 1952 como una Agencia colocadora de seguros.\",\"publisher\":{\"@id\":\"https:\\\/\\\/correvalle.com\\\/portal\\\/#organization\"},\"potentialAction\":[{\"@type\":\"SearchAction\",\"target\":{\"@type\":\"EntryPoint\",\"urlTemplate\":\"https:\\\/\\\/correvalle.com\\\/portal\\\/?s={search_term_string}\"},\"query-input\":{\"@type\":\"PropertyValueSpecification\",\"valueRequired\":true,\"valueName\":\"search_term_string\"}}],\"inLanguage\":\"es\"},{\"@type\":\"Organization\",\"@id\":\"https:\\\/\\\/correvalle.com\\\/portal\\\/#organization\",\"name\":\"Corredores de Seguros del Valle S.A\",\"url\":\"https:\\\/\\\/correvalle.com\\\/portal\\\/\",\"logo\":{\"@type\":\"ImageObject\",\"inLanguage\":\"es\",\"@id\":\"https:\\\/\\\/correvalle.com\\\/portal\\\/#\\\/schema\\\/logo\\\/image\\\/\",\"url\":\"https:\\\/\\\/correvalle.com\\\/portal\\\/wp-content\\\/uploads\\\/2025\\\/01\\\/login_logo_glpi.png\",\"contentUrl\":\"https:\\\/\\\/correvalle.com\\\/portal\\\/wp-content\\\/uploads\\\/2025\\\/01\\\/login_logo_glpi.png\",\"width\":145,\"height\":80,\"caption\":\"Corredores de Seguros del Valle S.A\"},\"image\":{\"@id\":\"https:\\\/\\\/correvalle.com\\\/portal\\\/#\\\/schema\\\/logo\\\/image\\\/\"},\"sameAs\":[\"https:\\\/\\\/www.facebook.com\\\/correvalle\\\/\",\"https:\\\/\\\/www.instagram.com\\\/correvalle\\\/\"]}]}<\/script>\n<!-- \/ Yoast SEO plugin. -->","yoast_head_json":{"title":"popup_seguros2 - Correvalle","robots":{"index":"index","follow":"follow","max-snippet":"max-snippet:-1","max-image-preview":"max-image-preview:large","max-video-preview":"max-video-preview:-1"},"canonical":"https:\/\/correvalle.com\/portal\/popup_seguros2\/","og_locale":"es_ES","og_type":"article","og_title":"popup_seguros2 - Correvalle","og_description":"Informaci\u00f3n Importante? \u00bfConfirma que es usted el propietario del veh\u00edculo y \u00fanica persona con derecho a solicitar la cancelaci\u00f3n de la p\u00f3liza de motocicleta, que ampara, la motocicleta en Da\u00f1os, Hurto y Responsabilidad civil extracontractual? ARTICULO 296. FALSEDAD PERSONAL. El que con el fin de obtener un provecho para s\u00ed o para otro, o causar [&hellip;]","og_url":"https:\/\/correvalle.com\/portal\/popup_seguros2\/","og_site_name":"Correvalle","article_publisher":"https:\/\/www.facebook.com\/correvalle\/","article_modified_time":"2024-09-02T17:20:58+00:00","twitter_card":"summary_large_image","twitter_misc":{"Tiempo de lectura":"1 minuto"},"schema":{"@context":"https:\/\/schema.org","@graph":[{"@type":"WebPage","@id":"https:\/\/correvalle.com\/portal\/popup_seguros2\/","url":"https:\/\/correvalle.com\/portal\/popup_seguros2\/","name":"popup_seguros2 - Correvalle","isPartOf":{"@id":"https:\/\/correvalle.com\/portal\/#website"},"datePublished":"2024-09-02T17:18:44+00:00","dateModified":"2024-09-02T17:20:58+00:00","breadcrumb":{"@id":"https:\/\/correvalle.com\/portal\/popup_seguros2\/#breadcrumb"},"inLanguage":"es","potentialAction":[{"@type":"ReadAction","target":["https:\/\/correvalle.com\/portal\/popup_seguros2\/"]}]},{"@type":"BreadcrumbList","@id":"https:\/\/correvalle.com\/portal\/popup_seguros2\/#breadcrumb","itemListElement":[{"@type":"ListItem","position":1,"name":"Portada","item":"https:\/\/correvalle.com\/portal\/"},{"@type":"ListItem","position":2,"name":"popup_seguros2"}]},{"@type":"WebSite","@id":"https:\/\/correvalle.com\/portal\/#website","url":"https:\/\/correvalle.com\/portal\/","name":"webcorrevalle.com","description":"Corredores de seguros del Valle, Seguros, Corredores, Empresa Fundad desde el a&ntilde;o 1952 como una Agencia colocadora de seguros.","publisher":{"@id":"https:\/\/correvalle.com\/portal\/#organization"},"potentialAction":[{"@type":"SearchAction","target":{"@type":"EntryPoint","urlTemplate":"https:\/\/correvalle.com\/portal\/?s={search_term_string}"},"query-input":{"@type":"PropertyValueSpecification","valueRequired":true,"valueName":"search_term_string"}}],"inLanguage":"es"},{"@type":"Organization","@id":"https:\/\/correvalle.com\/portal\/#organization","name":"Corredores de Seguros del Valle S.A","url":"https:\/\/correvalle.com\/portal\/","logo":{"@type":"ImageObject","inLanguage":"es","@id":"https:\/\/correvalle.com\/portal\/#\/schema\/logo\/image\/","url":"https:\/\/correvalle.com\/portal\/wp-content\/uploads\/2025\/01\/login_logo_glpi.png","contentUrl":"https:\/\/correvalle.com\/portal\/wp-content\/uploads\/2025\/01\/login_logo_glpi.png","width":145,"height":80,"caption":"Corredores de Seguros del Valle S.A"},"image":{"@id":"https:\/\/correvalle.com\/portal\/#\/schema\/logo\/image\/"},"sameAs":["https:\/\/www.facebook.com\/correvalle\/","https:\/\/www.instagram.com\/correvalle\/"]}]}},"_links":{"self":[{"href":"https:\/\/correvalle.com\/portal\/wp-json\/wp\/v2\/pages\/1517","targetHints":{"allow":["GET"]}}],"collection":[{"href":"https:\/\/correvalle.com\/portal\/wp-json\/wp\/v2\/pages"}],"about":[{"href":"https:\/\/correvalle.com\/portal\/wp-json\/wp\/v2\/types\/page"}],"author":[{"embeddable":true,"href":"https:\/\/correvalle.com\/portal\/wp-json\/wp\/v2\/users\/1"}],"replies":[{"embeddable":true,"href":"https:\/\/correvalle.com\/portal\/wp-json\/wp\/v2\/comments?post=1517"}],"version-history":[{"count":7,"href":"https:\/\/correvalle.com\/portal\/wp-json\/wp\/v2\/pages\/1517\/revisions"}],"predecessor-version":[{"id":1524,"href":"https:\/\/correvalle.com\/portal\/wp-json\/wp\/v2\/pages\/1517\/revisions\/1524"}],"wp:attachment":[{"href":"https:\/\/correvalle.com\/portal\/wp-json\/wp\/v2\/media?parent=1517"}],"curies":[{"name":"wp","href":"https:\/\/api.w.org\/{rel}","templated":true}]}}